{"id":18792,"date":"2025-10-28T16:10:21","date_gmt":"2025-10-28T16:10:21","guid":{"rendered":"https:\/\/educacion.uprrp.edu\/proyecto-ods\/?page_id=18792"},"modified":"2025-11-18T16:52:29","modified_gmt":"2025-11-18T16:52:29","slug":"creacion-de-curriculo-pbl","status":"publish","type":"page","link":"https:\/\/educacion.uprrp.edu\/proyecto-ods\/creacion-de-curriculo-pbl\/","title":{"rendered":"Creaci\u00f3n de curr\u00edculo"},"content":{"rendered":"\t\t<div data-elementor-type=\"wp-page\" data-elementor-id=\"18792\" class=\"elementor elementor-18792\">\n\t\t\t\t<div class=\"elementor-element elementor-element-94ee463 e-flex e-con-boxed e-con e-parent\" data-id=\"94ee463\" data-element_type=\"container\" data-e-type=\"container\">\n\t\t\t\t\t<div class=\"e-con-inner\">\n\t\t\t\t<div class=\"elementor-element elementor-element-b94b756 elementor-widget elementor-widget-heading\" data-id=\"b94b756\" data-element_type=\"widget\" data-e-type=\"widget\" data-widget_type=\"heading.default\">\n\t\t\t\t<div class=\"elementor-widget-container\">\n\t\t\t\t\t<h2 class=\"elementor-heading-title elementor-size-default\">Creaci\u00f3n de curr\u00edculo centrado en la problematizaci\u00f3n en el aprendizaje \n<\/h2>\t\t\t\t<\/div>\n\t\t\t\t<\/div>\n\t\t\t\t\t<\/div>\n\t\t\t\t<\/div>\n\t\t<div class=\"elementor-element elementor-element-1058d82 e-flex e-con-boxed e-con e-parent\" data-id=\"1058d82\" data-element_type=\"container\" data-e-type=\"container\">\n\t\t\t\t\t<div class=\"e-con-inner\">\n\t\t\t\t<div class=\"elementor-element elementor-element-9c6cce6 elementor-widget elementor-widget-text-editor\" data-id=\"9c6cce6\" data-element_type=\"widget\" data-e-type=\"widget\" data-widget_type=\"text-editor.default\">\n\t\t\t\t<div class=\"elementor-widget-container\">\n\t\t\t\t\t\t\t\t\t<p><span style=\"font-weight: 400\">El proceso de ense\u00f1anza para facilitar aprendizajes requiere de planificaci\u00f3n de unidades tem\u00e1ticas o curriculares. Estas consisten de un conjunto de lecciones que incluyen actividades que permitan alcanzar unos objetivos de aprendizaje. Los educadores debemos crear unidades curriculares aut\u00e9nticas en las cuales las actividades sean apropiadas y relevantes para el estudiante, de forma que le permita relacionar conocimiento previo con lo nuevo, que le despierte necesidad de aprender y que le facilite cambios de estados en la manera de pensar, sentir y actuar. Estas unidades curriculares aut\u00e9nticas facilitan el aprendizaje significativo que ocurre cuando lo que se aprende sirve, se utiliza, y es valorado por el estudiante como algo primordial.<\/span><\/p><p><span style=\"font-weight: 400\">Para Vel\u00e1zquez Rivera y Figarella Garc\u00eda (2018), la creaci\u00f3n de curr\u00edculo aut\u00e9ntico que permite construir conocimiento significativo se promueve por medio de la problematizaci\u00f3n en el aprendizaje. La problematizaci\u00f3n evoca una construcci\u00f3n de conocimiento m\u00e1s duradera ya que invita a los estudiantes a que, por medio de problemas proyectos y servicios, aprendan de forma m\u00e1s natural. La vida est\u00e1 llena de problemas por resolver, de proyectos por hacer y de servicios que prestar, que pueden servir de contexto para la creaci\u00f3n de unidades curriculares que faciliten el aprendizaje significativo, ya que lo que se aprende se aplica a la realidad que vive el estudiante. El cambio clim\u00e1tico es parte de la realidad de nuestros estudiantes. De ah\u00ed, la oportunidad de usarlo como contexto en nuestras unidades curriculares.<\/span><\/p><p><span style=\"font-weight: 400\">En la problematizaci\u00f3n se combinan elementos medulares de las estrategias de Aprendizaje Basado en Problemas, Aprendizaje Basado en Proyectos y Aprendizaje Basado en Servicio las cuales han demostrado ser efectivas para promover la construcci\u00f3n de conocimientos que resulta en el desarrollo de competencias. Una competencia es un aprendizaje en el cual se integran conceptos, procesos o destrezas y actitudes o disposiciones. M\u00e1s all\u00e1 de aprender conceptos aislados, por medio de la problematizaci\u00f3n se facilita el desarrollo de destrezas y de actitudes de forma integrada.<\/span><\/p><p><span style=\"font-weight: 400\">En el aprendizaje tradicional primero se aprenden los contenidos de las materias bajo estudio, se desarrollan competencias, para luego aplicarlo al investigar posibles soluciones a un problema, o al realizar un proyecto o al presentar alg\u00fan servicio a la comunidad. En la problematizaci\u00f3n esto se invierte, se parte de la urgencia de atender un problema, de crear un proyecto y de prestar un servicio para despertar necesidad por aprender el contenido de la materia bajo estudio. Para entonces, establecida esa necesidad, se aprende y se desarrollan las competencias que ser\u00e1n aplicadas finalmente al presentar posibles soluciones al problema, desarrollar el proyecto y prestar el servicio que se les requiri\u00f3 al inicio de la unidad curricular. Como parte de este proceso, el estudiante desempe\u00f1a un rol en el cual se combinan disciplinas relacionadas con el tema de estudio de la unidad, lo que le permite proyectarse al mundo del trabajo.<\/span><\/p><p><span style=\"font-weight: 400\">Los maestros tienen mucha responsabilidad en el desarrollo y construcci\u00f3n de los conocimientos de sus estudiantes (Gen\u00e7,2013). Los maestros del nivel elemental brindan a los ni\u00f1os su primera educaci\u00f3n formal, lo que constituir\u00e1 la base para el aprendizaje en niveles superiores. Basado en esto, la educaci\u00f3n en torno al cambio clim\u00e1tico es tambi\u00e9n necesaria para los maestros en formaci\u00f3n, de forma tal que ellos puedan educar a sus estudiantes en torno a este tema. Para promover el aprendizaje acerca del cambio clim\u00e1tico, y de estilos de vida que abonen al logro de los ODS, futuros maestros de la Facultad de Educaci\u00f3n de la Universidad de Puerto Rico participaron de los proyectos Al MAR, MISI\u00d3N PLANETA y AGUA VIDA.\u00a0 La finalidad es que aprendieran de estos temas a la vez de c\u00f3mo ense\u00f1ar los mismo centrados en la problematizaci\u00f3n en el aprendizaje.\u00a0<\/span><\/p><p><span style=\"font-weight: 400\">La problematizaci\u00f3n en el aprendizaje se facilita por medio de la planificaci\u00f3n a largo plazo, la cual consiste de un conjunto de lecciones que siguen una estructura o pasos. Los tres proyectos que aqu\u00ed se presentan, se desarrollaron siguiendo esa estructura. En la Figura #1 se presenta la estructura de la problematizaci\u00f3n, luego de ella se describe cada aspecto de ella o sus pasos.\u00a0<\/span><\/p><p><b>Figura 1: Estructura o pasos de un curr\u00edculo centrado en la problematizaci\u00f3n en el aprendizaje <\/b><span style=\"font-weight: 400\">(Vel\u00e1zquez Rivera &amp; Figarella Garc\u00eda, 2018)<\/span><\/p><p><img fetchpriority=\"high\" decoding=\"async\" class=\"aligncenter wp-image-18847 size-full\" src=\"https:\/\/educacion.uprrp.edu\/proyecto-ods\/wp-content\/uploads\/sites\/10\/2025\/10\/Screenshot-2025-10-29-105935.png\" alt=\"\" width=\"237\" height=\"550\" srcset=\"https:\/\/educacion.uprrp.edu\/proyecto-ods\/wp-content\/uploads\/sites\/10\/2025\/10\/Screenshot-2025-10-29-105935.png 237w, https:\/\/educacion.uprrp.edu\/proyecto-ods\/wp-content\/uploads\/sites\/10\/2025\/10\/Screenshot-2025-10-29-105935-129x300.png 129w\" sizes=\"(max-width: 237px) 100vw, 237px\" \/><\/p><p>De acuerdo con la estructura establecida por Vel\u00e1zquez Rivera y Figarella Garc\u00eda (2018), una unidad centrada en la problematizaci\u00f3n del aprendizaje se inicia con la presentaci\u00f3n de la situaci\u00f3n motivadora. Por medio de ella se espera que se faciliten conflictos cognitivos que despierten en los estudiantes la necesidad de aprender del contenido de la materia bajo estudio, pero en el contexto del problema, proyecto y servicio solicitado. Por ejemplo, en el Proyecto Al MAR, el tema de la unidad de la clase de ciencias de estudiantes del nivel elemental fue ecosistemas marinos, mientras que el de los estudiantes universitarios, futuros maestros, fue c\u00f3mo facilitar el aprendizaje de las ciencias biol\u00f3gicas.\u00a0<\/p><p><span style=\"font-weight: 400\">Para despertar necesidad de aprender de estos temas en los estudiantes del nivel elemental y en futuros maestros, en la situaci\u00f3n motivadora y por medio de una presentaci\u00f3n digital, se mostraron titulares de noticias de c\u00f3mo los arrecifes se estaban blanqueando, c\u00f3mo el nivel del mar est\u00e1 subiendo, c\u00f3mo est\u00e1n disminuyendo grandemente las poblaciones de diferentes especies de los ecosistemas marinos, entre otros aspectos. Esto gener\u00f3\u00a0 una discusi\u00f3n en torno a cu\u00e1l puede ser la causa de estos problemas, siendo el cambio clim\u00e1tico como una de las posibles causas. Por medio de la presentaci\u00f3n, se les indic\u00f3 que diversas organizaciones est\u00e1n estudiando este problema, entre ellas la Sociedad de Ambiente Marino de PR (SAM). SAM necesitaba la colaboraci\u00f3n de diferentes sectores de la comunidad para estudiar estas situaciones y que los invitaba a participar del <\/span><b>Proyecto Al MAR-Para aprender, educar y restaurar el ambiente marino, <\/b><span style=\"font-weight: 400\">y que como parte del proyecto\u00a0 los estudiantes del nivel elemental deb\u00edan desempe\u00f1ar el rol de ambientalistas marinos, mientras que los futuros maestros como educadores de ambientalistas marinos.\u00a0 Como producto de aprendizaje del Proyecto Al MAR se se\u00f1al\u00f3 que era necesaria su aportaci\u00f3n para concienciar a la comunidad escolar y en general en torno al cambio clim\u00e1tico y c\u00f3mo afecta\u00a0 los ecosistemas marinos. Para ello deber\u00eda crear materiales educativos que ser\u00edan presentados a la comunidad y donados a SAM. Finalmente, se les pregunt\u00f3 si deseaban colaborar con SAM y participar del Proyecto Al MAR. Con esto concluy\u00f3 la situaci\u00f3n motivadora.<\/span><\/p><p><span style=\"font-weight: 400\">Por medio del pasado ejemplo se observa c\u00f3mo, en la situaci\u00f3n motivadora, partiendo de un problema real (impacto a los ecosistemas marinos), se despierta la necesidad de aprender del tema curricular para el nivel (ecosistemas y ciencias biol\u00f3gicas). Para ello se les presentaron datos reales del <\/span><span style=\"font-weight: 400\">problema <\/span><span style=\"font-weight: 400\">y una<\/span><span style=\"font-weight: 400\"> entidad o agencia real les pidi\u00f3 colaborar<\/span><span style=\"font-weight: 400\"> con ellos. Como parte de esa colaboraci\u00f3n, deb\u00edan desempe\u00f1ar un <\/span><span style=\"font-weight: 400\">rol <\/span><span style=\"font-weight: 400\">y presentar un <\/span><span style=\"font-weight: 400\">producto final<\/span><span style=\"font-weight: 400\"> (<\/span><span style=\"font-weight: 400\">proyecto<\/span><span style=\"font-weight: 400\">-crear materiales educativos), para concienciar en torno al problema a la comunidad (<\/span><span style=\"font-weight: 400\">servicio)<\/span><span style=\"font-weight: 400\">. En resumen, en la situaci\u00f3n motivadora se presenta el problema, el proyecto y el servicio, el rol y el producto de aprendizaje que servir\u00e1n de contexto para aprender lo necesario en la unidad curricular, y as\u00ed colaborar con alguna entidad o agencia (SAM). <\/span><span style=\"font-weight: 400\">La presentaci\u00f3n de la situaci\u00f3n motivadora<\/span><span style=\"font-weight: 400\"> es el primer paso de una unidad centrada en la problematizaci\u00f3n en el aprendizaje (Ver tabla 1).<\/span><\/p><p><span style=\"font-weight: 400\">Siguiendo con el ejemplo del Proyecto Al MAR, una vez los estudiantes expresaron su inter\u00e9s en participar de \u00e9l, y de indicar emociones al momento, se les pidi\u00f3 clarificar con qui\u00e9n estar\u00edan colaborando. Se discutieron preguntas tales como: \u00bfCon cu\u00e1l proyecto estaremos colaborando? \u00bfQui\u00e9n nos pide apoyo? \u00bfQu\u00e9 rol estaremos desempe\u00f1ando? \u00bfQu\u00e9 hace un ambientalista marino? \u00bfQu\u00e9 es un ecosistema marino? \u00bfQue es un ecosistema?, \u00bfC\u00f3mo concienciamos a otros de este tema? entre otras. Por medio de un contrainterrogatorio la maestra provoc\u00f3 en los estudiantes del nivel elemental la necesidad de aprender del tema de ecosistemas, y la de los futuros maestros, la necesidad de aprender acerca de c\u00f3mo facilitar aprendizajes de las ciencias biol\u00f3gicas (todo en el contexto de los marinos). Luego se invit\u00f3 a los estudiantes a completar una tabla individual en la que identificaban, qu\u00e9 saben, qu\u00e9 necesitan aprender y c\u00f3mo desean aprender para poder desempe\u00f1ar su rol dentro del Proyecto Al MAR. La tabla KWH fue discutida en plenaria, lo que facilit\u00f3 crear una nueva para todo el sal\u00f3n a base del insumo de las respuestas de los estudiantes. Lo que ocurri\u00f3 luego de la situaci\u00f3n motivadora constituye clarificaci\u00f3n del problema, segundo paso en la estructura de una unidad centrada en la problematizaci\u00f3n del aprendizaje (Ver figura 1).<\/span><\/p><p><span style=\"font-weight: 400\">Como parte del tercer paso de la problematizaci\u00f3n y por medio de una nueva discusi\u00f3n, se invit\u00f3 a los estudiantes a redactar sus preguntas de investigaci\u00f3n en el proyecto. La pregunta problema, redactada juntos con la ayuda de la maestra, fue: \u00bfC\u00f3mo el cambio clim\u00e1tico afecta los ecosistemas con \u00e9nfasis en las especies marinas y c\u00f3mo podemos minimizarlo teniendo estilos de vida m\u00e1s sostenibles? De esta pregunta surgieron otras\u00a0 necesarias: \u00bfQu\u00e9 es un ecosistema y qu\u00e9 interacciones ocurren en ellos? \u00bfC\u00f3mo est\u00e1n siendo impactados los ecosistemas marinos? \u00bfCu\u00e1les son las causas y consecuencias del cambio clim\u00e1tico y c\u00f3mo las podemos minimizar? \u00bfQu\u00e9 es sostenibilidad y c\u00f3mo podemos tener estilos de vida m\u00e1s sostenibles?\u00a0 De estas preguntas se gener\u00f3 un torbellino de respuestas con el fin de despertar y descubrir conocimientos previos en los estudiantes. Ahora s\u00e9 procedi\u00f3 a establecer un procedimiento para aprender a base de lo mencionado en la columna de c\u00f3mo aprender\u00e9, realizada en el segundo paso de la problematizaci\u00f3n. Seg\u00fan se observa, en el tercer paso de la problematizaci\u00f3n se establecen las preguntas de investigaci\u00f3n y se genera un torbellino de posibles soluciones. Luego se estableci\u00f3 el procedimiento a seguir para aprender e investigar, siendo este el cuarto paso.<\/span><\/p><p><span style=\"font-weight: 400\">Con este contexto, se comienza a implantar el procedimiento a seguir para aprender de ecosistemas en los estudiantes del nivel elemental y de c\u00f3mo facilitar el aprendizaje de las ciencias biol\u00f3gicas en los futuros maestros.\u00a0 Este proceso incluy\u00f3 actividades medulares como charlas y talleres con expertos en los temas bajo estudio, investigaciones en internet de especies marinas y viajes de campo, entre otras. Esto ocurri\u00f3, durante varios meses, integrado a las lecciones, y los debidos assessment, de las maestras en torno a los ecosistemas y las interacciones en ellos o de c\u00f3mo facilitar el aprendizaje de las ciencias, seg\u00fan fuera el caso (estudiantes del nivel elemental o futuros maestros). Por medio de estas actividades se facilit\u00f3 el desarrollo de las competencias y el aprendizaje de los contenidos bajo estudio. Esto constituy\u00f3 la<\/span> <span style=\"font-weight: 400\">implantaci\u00f3n del procedimiento a seguir y de las actividades de aprendizaje, quinto paso de problematizar.<\/span><\/p><p><span style=\"font-weight: 400\">Ahora, los estudiantes estuvieron listos para desempe\u00f1ar su rol y crear el producto de aprendizaje solicitado. Crearon infograf\u00edas y otros materiales educativos, que fueron presentados a la comunidad escolar y en general, en la actividad de Clausura de Proyecto Al MAR, recibiendo la retrocomunicaci\u00f3n de la audiencia con representantes de SAM. As\u00ed ocurri\u00f3 el sexto y s\u00e9timo paso de la estructura para problematizar, creaci\u00f3n del producto final (identificaci\u00f3n de posibles soluciones al problema y creaci\u00f3n del proyecto) y presentaci\u00f3n del mismo (servicio comunitario). En esta actividad, se llev\u00f3 a cabo una celebraci\u00f3n de logros y se reconoci\u00f3 la labor de todos los participantes.Con esto concluye la estructura de una unidad centrada en la problematizaci\u00f3n en el aprendizaje.<\/span><\/p><p><span style=\"font-weight: 400\">La funci\u00f3n del maestro, en la planificaci\u00f3n e implantaci\u00f3n de una unidad centrada en la problematizaci\u00f3n del aprendizaje, es fundamental. Adem\u00e1s de planificar que las lecciones de la unidad provean para la estructura establecida, debe planificar c\u00f3mo desempe\u00f1arse como:<\/span><\/p><ul><li style=\"font-weight: 400\"><span style=\"font-weight: 400\">cuestionador (para provocar continuamente la necesidad de aprender).<\/span><\/li><li style=\"font-weight: 400\"><span style=\"font-weight: 400\">mentor (servir de modelo e integrar expertos que sirvan de modelos de c\u00f3mo aprender al investigar y de c\u00f3mo manejar la incertidumbre, pues no es un aprendizaje tan lineal como en las unidades tradicionales).<\/span><\/li><li style=\"font-weight: 400\"><span style=\"font-weight: 400\">entrenador (al retar y motivar cont\u00ednuamente a sus estudiantes a desempe\u00f1ar su rol con los m\u00e1s altos est\u00e1ndares, y al velar por la calidad de los productos de aprendizaje creados).<\/span><\/li><li style=\"font-weight: 400\"><span style=\"font-weight: 400\">orquestador (al seleccionar e integrar m\u00faltiples experiencias, personas, recursos y procesos para provocar los aprendizajes y el desarrollo de las competencias deseadas).<\/span><\/li><li style=\"font-weight: 400\"><span style=\"font-weight: 400\">evaluador (al recopilar y analizar datos del aprendizaje estudiantil y de los procesos ocurridos antes, durante y despu\u00e9s de la implantaci\u00f3n de la unidad curricular).<\/span><\/li><\/ul><p><span style=\"font-weight: 400\">La\u00a0 planificaci\u00f3n que se lleve a cabo de la unidad centrada en la problematizaci\u00f3n puede predecir su \u00e9xito para facilitar el aprendizaje significativo de los estudiantes. En el caso de esta gu\u00eda, se presenta c\u00f3mo por medio Al MAR, MISION PLANETA y AGUA VIVA, centrados en la problematizaci\u00f3n, se facilit\u00f3 el aprendizaje significativo en el contexto de los ODS y del cambio clim\u00e1tico. Como parte de la gu\u00eda se describe cada uno de los tres proyectos y c\u00f3mo fue desarrollado a base de la estructura para facilitar la problematizaci\u00f3n en el aprendizaje.<\/span><\/p><p><span style=\"font-weight: 400\">\u00a0<\/span><b>Referencias:\u00a0<\/b><\/p><p><span style=\"font-weight: 400\">Gonz\u00e1lez Robles, A., Figarella Garc\u00eda, F., &amp; Soto Sonera, J. (2016). Aprendizaje basado en\u00a0<\/span><\/p><p><span style=\"font-weight: 400\">problemas para desarrollar alfabetizaci\u00f3n cr\u00edtica y competencias ciudadanas en el nivel elemental. <\/span><i><span style=\"font-weight: 400\">Actualidades Investigativas en Educaci\u00f3n<\/span><\/i><span style=\"font-weight: 400\">, 16 (3).<\/span><a href=\"https:\/\/revistas.ucr.ac.cr\/index.php\/aie\/issue\/view\/2223\"> <span style=\"font-weight: 400\">https:\/\/revistas.ucr.ac.cr\/index.php\/aie\/issue\/view\/2223<\/span><\/a><\/p><p><span style=\"font-weight: 400\">\u00a0<\/span>Soto Sonera, J., Figarella Garc\u00eda, F., y Gonz\u00e1lez Robles, A. (2014). El desarrollo de participaci\u00f3n ciudadana en ni\u00f1os de tercer grado: la experiencia de Aprendizaje Basado en Problemas. <i>Memoria Congreso Iberoamericano de Ciencia Tecnolog\u00eda, Innovaci\u00f3n y Educaci\u00f3n.\u00a0 <\/i>ISBN 978- 84-7666-210-6 \u00a0 Art\u00edculo 293<\/p><p><span style=\"font-weight: 400\">Vel\u00e1zquez Rivera, L. M., Clark Mora, L., y Qui\u00f1onez Perez, I. R. (2020). La Problematizaci\u00f3n:\u00a0<\/span><\/p><p><span style=\"font-weight: 400\">Herramienta para facilitar el aprendizaje aut\u00e9ntico de las ciencias en el nivel elemental. <\/span><i><span style=\"font-weight: 400\">International Journal of New Education<\/span><\/i><span style=\"font-weight: 400\">, (6). 63-81. <\/span><a href=\"https:\/\/doi.org\/10.24310\/IJNE3.2.2020.10267\"><span style=\"font-weight: 400\">https:\/\/doi.org\/10.24310\/IJNE3.2.2020.10267<\/span><\/a><span style=\"font-weight: 400\">\u00a0 \u00a0 (Nota: ver art\u00edculo correcto en PDF o HTML)\u00a0\u00a0<\/span><\/p><p><span style=\"font-weight: 400\">Vel\u00e1zquez Rivera, L. M., y Figarella Garc\u00eda, F. (2018). <\/span><i><span style=\"font-weight: 400\">La Problematizaci\u00f3n del aprendizaje: Tres estrategias para la creaci\u00f3n de un curr\u00edculo aut\u00e9ntico (Revised ed<\/span><\/i><span style=\"font-weight: 400\">). San Juan, PR: CoopERA. ISBN:13:978-1725856363.<\/span><\/p><p><span style=\"font-weight: 400\">Vel\u00e1zquez Rivera, L. M., Figarella Garc\u00eda, F., y Clark Mora, L. (2016). <\/span><i><span style=\"font-weight: 400\">La aventura del curr\u00edculo aut\u00e9ntico: Posibilidades y \u00e9xitos de la problematizaci\u00f3n en el aprendizaje<\/span><\/i><span style=\"font-weight: 400\">. San Juan, PR: CoopERA. ISBN: <\/span><span style=\"font-weight: 400\">13: 9781523950409.<\/span><\/p><p><span style=\"font-weight: 400\">Vel\u00e1zquez Rivera, L. M., y Qui\u00f1onez P\u00e9rez, I. R. (2023). Pre-service teacher\u2019s meaningful science learning: A collaborative project between a college of education and elementary school. <\/span><i><span style=\"font-weight: 400\">Journal of College Science Teaching<\/span><\/i><span style=\"font-weight: 400\">, 52 (3), 26-31. <\/span><a href=\"https:\/\/www.nsta.org\/journal-college-science-teaching\/journal-college-science-teaching-januaryfebruary-2023\/preservice\"><span style=\"font-weight: 400\">https:\/\/www.nsta.org\/journal-college-science-teaching\/journal-college-science-teaching-januaryfebruary-2023\/preservice<\/span><\/a><\/p><p><span style=\"font-weight: 400\">Vel\u00e1zquez Rivera, L. M., Qui\u00f1ones P\u00e9rez, I. R., Rosado Olivieri, W. Y., y L\u00f3pez Le\u00f3n, R. (2022). Integraci\u00f3n de las ciencias y la m\u00fasica para conservar el ambiente por medio del pensamiento computacional. <\/span><i><span style=\"font-weight: 400\">International Journal of New Education<\/span><\/i><span style=\"font-weight: 400\">, (10), 173\u2013196. <\/span><a href=\"https:\/\/doi.org\/10.24310\/IJNE.10.2022.14689\"><span style=\"font-weight: 400\">https:\/\/doi.org\/10.24310\/IJNE.10.2022.14689<\/span><\/a><span style=\"font-weight: 400\">\u00a0<\/span><\/p>\t\t\t\t\t\t\t\t<\/div>\n\t\t\t\t<\/div>\n\t\t\t\t\t<\/div>\n\t\t\t\t<\/div>\n\t\t\t\t<\/div>\n\t\t","protected":false},"excerpt":{"rendered":"<p>Creaci\u00f3n de curr\u00edculo centrado en la problematizaci\u00f3n en el aprendizaje El proceso de ense\u00f1anza para facilitar aprendizajes requiere de planificaci\u00f3n de unidades tem\u00e1ticas o curriculares. Estas consisten de un conjunto de lecciones que incluyen actividades que permitan alcanzar unos objetivos &hellip; <\/p>\n","protected":false},"author":1008,"featured_media":0,"parent":0,"menu_order":0,"comment_status":"closed","ping_status":"closed","template":"","meta":{"footnotes":""},"class_list":["post-18792","page","type-page","status-publish","hentry"],"_links":{"self":[{"href":"https:\/\/educacion.uprrp.edu\/proyecto-ods\/wp-json\/wp\/v2\/pages\/18792","targetHints":{"allow":["GET"]}}],"collection":[{"href":"https:\/\/educacion.uprrp.edu\/proyecto-ods\/wp-json\/wp\/v2\/pages"}],"about":[{"href":"https:\/\/educacion.uprrp.edu\/proyecto-ods\/wp-json\/wp\/v2\/types\/page"}],"author":[{"embeddable":true,"href":"https:\/\/educacion.uprrp.edu\/proyecto-ods\/wp-json\/wp\/v2\/users\/1008"}],"replies":[{"embeddable":true,"href":"https:\/\/educacion.uprrp.edu\/proyecto-ods\/wp-json\/wp\/v2\/comments?post=18792"}],"version-history":[{"count":13,"href":"https:\/\/educacion.uprrp.edu\/proyecto-ods\/wp-json\/wp\/v2\/pages\/18792\/revisions"}],"predecessor-version":[{"id":19019,"href":"https:\/\/educacion.uprrp.edu\/proyecto-ods\/wp-json\/wp\/v2\/pages\/18792\/revisions\/19019"}],"wp:attachment":[{"href":"https:\/\/educacion.uprrp.edu\/proyecto-ods\/wp-json\/wp\/v2\/media?parent=18792"}],"curies":[{"name":"wp","href":"https:\/\/api.w.org\/{rel}","templated":true}]}}