{"id":15509,"date":"2022-07-04T05:00:32","date_gmt":"2022-07-04T05:00:32","guid":{"rendered":"https:\/\/eduma.thimpress.com\/?page_id=15509"},"modified":"2026-03-13T16:48:39","modified_gmt":"2026-03-13T16:48:39","slug":"index","status":"publish","type":"page","link":"https:\/\/educacion.uprrp.edu\/proyecto-ods\/","title":{"rendered":"Inicio"},"content":{"rendered":"\t\t<div data-elementor-type=\"wp-page\" data-elementor-id=\"15509\" class=\"elementor elementor-15509\">\n\t\t\t\t\t\t<section class=\"elementor-section elementor-top-section elementor-element elementor-element-37082a8 elementor-section-stretched elementor-section-full_width elementor-section-height-default elementor-section-height-default\" data-id=\"37082a8\" data-element_type=\"section\" data-e-type=\"section\" data-settings=\"{&quot;stretch_section&quot;:&quot;section-stretched&quot;}\">\n\t\t\t\t\t\t<div class=\"elementor-container elementor-column-gap-no\">\n\t\t\t\t\t<div class=\"elementor-column elementor-col-100 elementor-top-column elementor-element elementor-element-055a6c2\" data-id=\"055a6c2\" data-element_type=\"column\" data-e-type=\"column\">\n\t\t\t<div class=\"elementor-widget-wrap\">\n\t\t\t\t\t\t\t<\/div>\n\t\t<\/div>\n\t\t\t\t\t<\/div>\n\t\t<\/section>\n\t\t<div class=\"elementor-element elementor-element-b5906e1 e-flex e-con-boxed e-con e-parent\" data-id=\"b5906e1\" data-element_type=\"container\" data-e-type=\"container\">\n\t\t\t\t\t<div class=\"e-con-inner\">\n\t\t\t\t<div class=\"elementor-element elementor-element-1045bf1 elementor-widget elementor-widget-thim-ekits-image-accordion\" data-id=\"1045bf1\" data-element_type=\"widget\" data-e-type=\"widget\" data-widget_type=\"thim-ekits-image-accordion.default\">\n\t\t\t\t<div class=\"elementor-widget-container\">\n\t\t\t\t\t\t\t<div class=\"thim-ekits-image-accordion\">\n\t\t\t\t\t\t\t\t<div class=\"thim-ekits-image-accordion__item\" style=\"background-image: url(https:\/\/educacion.uprrp.edu\/proyecto-ods\/wp-content\/uploads\/sites\/10\/2025\/04\/Foto-portada.png)\">\n\t\t\t\t<div class=\"overlay\">\n\t\t\t\t\t<div class=\"overlay-inner\">\n\t\t\t\t\t\t\t\t\t<\/div>\n\n\t\t\t<\/div>\n\t\t\t<\/div>\n\t\t\t\t\t\t\t\t<div class=\"thim-ekits-image-accordion__item\" style=\"background-image: url(https:\/\/educacion.uprrp.edu\/proyecto-ods\/wp-content\/uploads\/sites\/10\/2025\/10\/Agua-Vida.png)\">\n\t\t\t\t<div class=\"overlay\">\n\t\t\t\t\t<div class=\"overlay-inner\">\n\t\t\t\t\t\t\t\t\t<\/div>\n\n\t\t\t<\/div>\n\t\t\t<\/div>\n\t\t\t\t\t\t\t\t<div class=\"thim-ekits-image-accordion__item\" style=\"background-image: url(https:\/\/educacion.uprrp.edu\/proyecto-ods\/wp-content\/uploads\/sites\/10\/2025\/10\/Mision-Planeta.png)\">\n\t\t\t\t<div class=\"overlay\">\n\t\t\t\t\t<div class=\"overlay-inner\">\n\t\t\t\t\t\t\t\t\t<\/div>\n\n\t\t\t<\/div>\n\t\t\t<\/div>\n\t\t\t\t\t\t\t\t<div class=\"thim-ekits-image-accordion__item\" style=\"background-image: url(https:\/\/educacion.uprrp.edu\/proyecto-ods\/wp-content\/uploads\/sites\/10\/2025\/10\/Al-Mar.png)\">\n\t\t\t\t<div class=\"overlay\">\n\t\t\t\t\t<div class=\"overlay-inner\">\n\t\t\t\t\t\t\t\t\t<\/div>\n\n\t\t\t<\/div>\n\t\t\t<\/div>\n\t\t\t\t<\/div>\n\t\t\t\t\t\t<\/div>\n\t\t\t\t<\/div>\n\t\t\t\t\t<\/div>\n\t\t\t\t<\/div>\n\t\t<div class=\"elementor-element elementor-element-57a2ca1 e-flex e-con-boxed e-con e-parent\" data-id=\"57a2ca1\" data-element_type=\"container\" data-e-type=\"container\">\n\t\t\t\t\t<div class=\"e-con-inner\">\n\t\t\t\t<div class=\"elementor-element elementor-element-6b4c90c elementor-widget elementor-widget-heading\" data-id=\"6b4c90c\" data-element_type=\"widget\" data-e-type=\"widget\" data-widget_type=\"heading.default\">\n\t\t\t\t<div class=\"elementor-widget-container\">\n\t\t\t\t\t<h1 class=\"elementor-heading-title elementor-size-default\">Gu\u00eda curricular: Problematizaci\u00f3n del aprendizaje                                                                                 en el contexto del cambio clim\u00e1tico y los ODS \n<\/h1>\t\t\t\t<\/div>\n\t\t\t\t<\/div>\n\t\t\t\t<div class=\"elementor-element elementor-element-661814a elementor-widget elementor-widget-thim-ekits-nav-menu\" data-id=\"661814a\" data-element_type=\"widget\" data-e-type=\"widget\" data-widget_type=\"thim-ekits-nav-menu.default\">\n\t\t\t\t<div class=\"elementor-widget-container\">\n\t\t\t\t\t<div class=\"thim-ekits-menu \"><button class=\"thim-ekits-menu__mobile\">\n\t\t\t\t\t\t\t\t<span class=\"thim-ekits-menu__mobile__icon thim-ekits-menu__mobile__icon--open\">\n\t\t\t\t\t\t\t\t\t<svg xmlns=\"http:\/\/www.w3.org\/2000\/svg\" class=\"h-6 w-6\" fill=\"none\" viewBox=\"0 0 24 24\"\n\t\t\t\t\t\t\t\t\t\t stroke=\"currentColor\">\n\t\t\t\t\t\t\t\t\t\t<path stroke-linecap=\"round\" stroke-linejoin=\"round\" stroke-width=\"2\"\n\t\t\t\t\t\t\t\t\t\t\t  d=\"M4 6h16M4 12h16M4 18h16\"\/>\n\t\t\t\t\t\t\t\t\t<\/svg>\n\t\t\t\t\t\t\t\t<\/span>\n\t\t\t\t\t\t\t<\/button><div id=\"thim-ekits-menu-main-menu\" class=\"thim-ekits-menu__container\"><button class=\"thim-ekits-menu__mobile__close\">\n\t\t\t\t\t\t\t\t\t<svg xmlns=\"http:\/\/www.w3.org\/2000\/svg\" class=\"h-6 w-6\" fill=\"none\" viewBox=\"0 0 24 24\" stroke=\"currentColor\">\n\t\t\t\t\t\t\t\t\t\t<path stroke-linecap=\"round\" stroke-linejoin=\"round\" stroke-width=\"2\" d=\"M6 18L18 6M6 6l12 12\"\/>\n\t\t\t\t\t\t\t\t\t<\/svg>\n\t\t\t\t\t\t\t\t<\/button><ul id=\"menu-main-menu\" class=\"thim-ekits-menu__nav navbar-main-menu\"><li id=\"menu-item-18805\" class=\"menu-item menu-item-type-post_type menu-item-object-page menu-item-home menu-item-18805 nav-item\"><a href=\"https:\/\/educacion.uprrp.edu\/proyecto-ods\/\" class=\"thim-ekits-menu__nav-link\">Inicio<\/a><\/li>\n<li id=\"menu-item-18738\" class=\"menu-item menu-item-type-post_type menu-item-object-page menu-item-18738 nav-item\"><a href=\"https:\/\/educacion.uprrp.edu\/proyecto-ods\/introduccion-y-mision\/\" class=\"thim-ekits-menu__nav-link\">Introducci\u00f3n<\/a><\/li>\n<li id=\"menu-item-18743\" class=\"menu-item menu-item-type-post_type menu-item-object-page menu-item-18743 nav-item\"><a href=\"https:\/\/educacion.uprrp.edu\/proyecto-ods\/cambio-climatico-ods\/\" class=\"thim-ekits-menu__nav-link\">Cambio Clim\u00e1tico &amp; ODS<\/a><\/li>\n<li id=\"menu-item-18802\" class=\"menu-item menu-item-type-post_type menu-item-object-page menu-item-18802 nav-item\"><a href=\"https:\/\/educacion.uprrp.edu\/proyecto-ods\/creacion-de-curriculo-pbl\/\" class=\"thim-ekits-menu__nav-link\">Creaci\u00f3n de curr\u00edculo<\/a><\/li>\n<li id=\"menu-item-18744\" class=\"menu-item menu-item-type-post_type menu-item-object-page menu-item-18744 nav-item\"><a href=\"https:\/\/educacion.uprrp.edu\/proyecto-ods\/proyecto-agua-viva\/\" class=\"thim-ekits-menu__nav-link\">Proyecto Agua Vida<\/a><\/li>\n<li id=\"menu-item-18745\" class=\"menu-item menu-item-type-post_type menu-item-object-page menu-item-18745 nav-item\"><a href=\"https:\/\/educacion.uprrp.edu\/proyecto-ods\/proyecto-mision-planeta\/\" class=\"thim-ekits-menu__nav-link\">Proyecto Misi\u00f3n Planeta<\/a><\/li>\n<li id=\"menu-item-18746\" class=\"menu-item menu-item-type-post_type menu-item-object-page menu-item-18746 nav-item\"><a href=\"https:\/\/educacion.uprrp.edu\/proyecto-ods\/proyecto-al-mar-2\/\" class=\"thim-ekits-menu__nav-link\">Proyecto AL MAR<\/a><\/li>\n<li id=\"menu-item-18804\" class=\"menu-item menu-item-type-post_type menu-item-object-page menu-item-18804 nav-item\"><a href=\"https:\/\/educacion.uprrp.edu\/proyecto-ods\/opiniones\/\" class=\"thim-ekits-menu__nav-link\">Opiniones<\/a><\/li>\n<li id=\"menu-item-19022\" class=\"menu-item menu-item-type-post_type menu-item-object-page menu-item-has-children menu-item-19022 nav-item thim-ekits-menu__has-dropdown\"><a href=\"https:\/\/educacion.uprrp.edu\/proyecto-ods\/mas-proyectos\/\" class=\"thim-ekits-menu__nav-link\">M\u00e1s Proyectos<\/a><span class=\"thim-ekits-menu__icon\"><\/span>\n<ul class=\"thim-ekits-menu__dropdown sub-menu\">\n\t<li id=\"menu-item-19037\" class=\"menu-item menu-item-type-post_type menu-item-object-page menu-item-19037 nav-item\"><a href=\"https:\/\/educacion.uprrp.edu\/proyecto-ods\/mas-proyectos\/alianza-verde-2\/\" class=\" thim-ekits-menu__nav-link thim-ekits-menu__dropdown-item\">Alianza Verde<\/a><\/ul>\n<\/li>\n<\/ul><\/div><\/div>\t\t\t\t<\/div>\n\t\t\t\t<\/div>\n\t\t\t\t\t<\/div>\n\t\t\t\t<\/div>\n\t\t<div class=\"elementor-element elementor-element-39d1218 e-flex e-con-boxed e-con e-parent\" data-id=\"39d1218\" data-element_type=\"container\" data-e-type=\"container\">\n\t\t\t\t\t<div class=\"e-con-inner\">\n\t\t\t\t<div class=\"elementor-element elementor-element-6440905 elementor-widget__width-initial elementor-widget elementor-widget-video\" data-id=\"6440905\" data-element_type=\"widget\" data-e-type=\"widget\" data-settings=\"{&quot;youtube_url&quot;:&quot;https:\\\/\\\/youtu.be\\\/xKI_ZSnXJaE&quot;,&quot;video_type&quot;:&quot;youtube&quot;,&quot;controls&quot;:&quot;yes&quot;}\" data-widget_type=\"video.default\">\n\t\t\t\t<div class=\"elementor-widget-container\">\n\t\t\t\t\t\t\t<div class=\"elementor-wrapper elementor-open-inline\">\n\t\t\t<div class=\"elementor-video\"><\/div>\t\t<\/div>\n\t\t\t\t\t\t<\/div>\n\t\t\t\t<\/div>\n\t\t\t\t\t<\/div>\n\t\t\t\t<\/div>\n\t\t<div class=\"elementor-element elementor-element-3b5fe39 e-flex e-con-boxed e-con e-parent\" data-id=\"3b5fe39\" data-element_type=\"container\" data-e-type=\"container\">\n\t\t\t\t\t<div class=\"e-con-inner\">\n\t\t\t\t<div class=\"elementor-element elementor-element-57fcd39 elementor-widget elementor-widget-heading\" data-id=\"57fcd39\" data-element_type=\"widget\" data-e-type=\"widget\" data-widget_type=\"heading.default\">\n\t\t\t\t<div class=\"elementor-widget-container\">\n\t\t\t\t\t<h2 class=\"elementor-heading-title elementor-size-default\">Art\u00edculo Revista \"REDUCA\"<\/h2>\t\t\t\t<\/div>\n\t\t\t\t<\/div>\n\t\t\t\t<div class=\"elementor-element elementor-element-9ea1208 elementor-widget elementor-widget-text-editor\" data-id=\"9ea1208\" data-element_type=\"widget\" data-e-type=\"widget\" data-widget_type=\"text-editor.default\">\n\t\t\t\t<div class=\"elementor-widget-container\">\n\t\t\t\t\t\t\t\t\t<p>Lee el art\u00edculo: &#8220;<em>Cambio clim\u00e1tico y edu-acci\u00f3n: Problematizaci\u00f3n en el contexto de los Objetivos de Desarrollo Sostenible<\/em>&#8221; escrito por las autoras y desarrolladoras de la Gu\u00eda Curricular, la Dra. Linda Clark Mora, la Dra. Aura Gonz\u00e1lez Robles y la Dra. Lizzette M. Vel\u00e1zquez\u00a0 Rivera en el siguiente enlace: <a href=\"https:\/\/revistas.upr.edu\/index.php\/educacion\/article\/view\/21915\">https:\/\/revistas.upr.edu\/index.php\/educacion\/article\/view\/21915<\/a><\/p>\t\t\t\t\t\t\t\t<\/div>\n\t\t\t\t<\/div>\n\t\t\t\t\t<\/div>\n\t\t\t\t<\/div>\n\t\t<div class=\"elementor-element elementor-element-fb0ee8d e-flex e-con-boxed e-con e-parent\" data-id=\"fb0ee8d\" data-element_type=\"container\" data-e-type=\"container\">\n\t\t\t\t\t<div class=\"e-con-inner\">\n\t\t\t\t<div class=\"elementor-element elementor-element-03fca8a elementor-widget-divider--view-line elementor-widget elementor-widget-divider\" data-id=\"03fca8a\" data-element_type=\"widget\" data-e-type=\"widget\" data-widget_type=\"divider.default\">\n\t\t\t\t<div class=\"elementor-widget-container\">\n\t\t\t\t\t\t\t<div class=\"elementor-divider\">\n\t\t\t<span class=\"elementor-divider-separator\">\n\t\t\t\t\t\t<\/span>\n\t\t<\/div>\n\t\t\t\t\t\t<\/div>\n\t\t\t\t<\/div>\n\t\t\t\t<div class=\"elementor-element elementor-element-3c1c1c6 elementor-widget elementor-widget-text-editor\" data-id=\"3c1c1c6\" data-element_type=\"widget\" data-e-type=\"widget\" data-widget_type=\"text-editor.default\">\n\t\t\t\t<div class=\"elementor-widget-container\">\n\t\t\t\t\t\t\t\t\t<p style=\"text-align: center\"><b>\u00a0Desarrollado \/ autoras\u00a0<\/b><\/p><p style=\"text-align: center\"><span style=\"font-weight: 400\">Dra. Linda Clark Mora<\/span><\/p><p style=\"text-align: center\"><span style=\"font-weight: 400\">Dra. Aura Gonz\u00e1lez Robles<\/span><\/p><p style=\"text-align: center\"><span style=\"font-weight: 400\">Dra. Lizzette M. Vel\u00e1zquez\u00a0 Rivera<\/span><\/p><p style=\"text-align: center\"><strong>Editora P\u00e1gina Web<\/strong><\/p><p style=\"text-align: center\">Prof. Natalie B\u00e1ez Mart\u00ednez<\/p><p style=\"text-align: center\">Escuela Elemental de la Universidad de Puerto Rico<\/p><p style=\"text-align: center\">\u00a0<\/p>\t\t\t\t\t\t\t\t<\/div>\n\t\t\t\t<\/div>\n\t\t\t\t\t<\/div>\n\t\t\t\t<\/div>\n\t\t\t\t<\/div>\n\t\t","protected":false},"excerpt":{"rendered":"<p>Gu\u00eda curricular: Problematizaci\u00f3n del aprendizaje en el contexto del cambio clim\u00e1tico y los ODS Inicio Introducci\u00f3n Cambio Clim\u00e1tico &amp; ODS Creaci\u00f3n de curr\u00edculo Proyecto Agua Vida Proyecto Misi\u00f3n Planeta Proyecto AL MAR Opiniones M\u00e1s Proyectos Alianza Verde Art\u00edculo Revista &#8220;REDUCA&#8221; &hellip; <\/p>\n","protected":false},"author":10,"featured_media":0,"parent":0,"menu_order":0,"comment_status":"closed","ping_status":"closed","template":"elementor_header_footer","meta":{"footnotes":""},"class_list":["post-15509","page","type-page","status-publish","hentry"],"_links":{"self":[{"href":"https:\/\/educacion.uprrp.edu\/proyecto-ods\/wp-json\/wp\/v2\/pages\/15509","targetHints":{"allow":["GET"]}}],"collection":[{"href":"https:\/\/educacion.uprrp.edu\/proyecto-ods\/wp-json\/wp\/v2\/pages"}],"about":[{"href":"https:\/\/educacion.uprrp.edu\/proyecto-ods\/wp-json\/wp\/v2\/types\/page"}],"author":[{"embeddable":true,"href":"https:\/\/educacion.uprrp.edu\/proyecto-ods\/wp-json\/wp\/v2\/users\/10"}],"replies":[{"embeddable":true,"href":"https:\/\/educacion.uprrp.edu\/proyecto-ods\/wp-json\/wp\/v2\/comments?post=15509"}],"version-history":[{"count":85,"href":"https:\/\/educacion.uprrp.edu\/proyecto-ods\/wp-json\/wp\/v2\/pages\/15509\/revisions"}],"predecessor-version":[{"id":19074,"href":"https:\/\/educacion.uprrp.edu\/proyecto-ods\/wp-json\/wp\/v2\/pages\/15509\/revisions\/19074"}],"wp:attachment":[{"href":"https:\/\/educacion.uprrp.edu\/proyecto-ods\/wp-json\/wp\/v2\/media?parent=15509"}],"curies":[{"name":"wp","href":"https:\/\/api.w.org\/{rel}","templated":true}]}}