{"id":9480,"date":"2020-12-16T12:41:39","date_gmt":"2020-12-16T12:41:39","guid":{"rendered":"http:\/\/educacion.uprrp.edu\/edfi\/?page_id=9480"},"modified":"2020-12-16T13:01:21","modified_gmt":"2020-12-16T13:01:21","slug":"asesores","status":"publish","type":"page","link":"https:\/\/educacion.uprrp.edu\/edfi\/?page_id=9480","title":{"rendered":"Asesores"},"content":{"rendered":"\t\t<div data-elementor-type=\"wp-page\" data-elementor-id=\"9480\" class=\"elementor elementor-9480\">\n\t\t\t\t\t\t<section class=\"elementor-section elementor-top-section elementor-element elementor-element-ac6d814 elementor-section-boxed elementor-section-height-default elementor-section-height-default\" data-id=\"ac6d814\" data-element_type=\"section\" data-e-type=\"section\">\n\t\t\t\t\t\t<div class=\"elementor-container elementor-column-gap-default\">\n\t\t\t\t\t<div class=\"elementor-column elementor-col-50 elementor-top-column elementor-element elementor-element-71b6540\" data-id=\"71b6540\" data-element_type=\"column\" data-e-type=\"column\">\n\t\t\t<div class=\"elementor-widget-wrap elementor-element-populated\">\n\t\t\t\t\t\t<div class=\"elementor-element elementor-element-0548a35 elementor-widget elementor-widget-text-editor\" data-id=\"0548a35\" data-element_type=\"widget\" data-e-type=\"widget\" data-widget_type=\"text-editor.default\">\n\t\t\t\t<div class=\"elementor-widget-container\">\n\t\t\t\t\t\t\t\t\t<h3>Asesor de Educaci\u00f3n F\u00edsica<\/h3><p><strong>Prof.\u00a0<span lang=\"ES\">Luis G. Estrada Oliver\u00a0<\/span><\/strong><\/p><p><span lang=\"ES\">Catedr\u00e1tico auxiliar\u00a0\u00a0<\/span><\/p><p>Ed. D.<\/p><p>Educaci\u00f3n F\u00edsica\/Administraci\u00f3n<\/p><p>Deportiva\/Atl\u00e9tica<\/p><p>luis.estrada2@upr.edu<\/p><p><strong>Extensi\u00f3n:<\/strong> 89107<\/p><p><strong>Oficina:<\/strong> 303A\u00a0\u00a0<\/p><p>\u00a0<\/p>\t\t\t\t\t\t\t\t<\/div>\n\t\t\t\t<\/div>\n\t\t\t\t\t<\/div>\n\t\t<\/div>\n\t\t\t\t<div class=\"elementor-column elementor-col-50 elementor-top-column elementor-element elementor-element-d90b680\" data-id=\"d90b680\" data-element_type=\"column\" data-e-type=\"column\">\n\t\t\t<div class=\"elementor-widget-wrap elementor-element-populated\">\n\t\t\t\t\t\t<div class=\"elementor-element elementor-element-4bb3f52 elementor-widget elementor-widget-image\" data-id=\"4bb3f52\" data-element_type=\"widget\" data-e-type=\"widget\" data-widget_type=\"image.default\">\n\t\t\t\t<div class=\"elementor-widget-container\">\n\t\t\t\t\t\t\t\t\t\t\t\t\t\t\t<img decoding=\"async\" width=\"150\" height=\"150\" src=\"https:\/\/educacion.uprrp.edu\/edfi\/wp-content\/uploads\/sites\/5\/2020\/11\/Luis-Estrada-crop.jpg\" class=\"attachment-large size-large wp-image-9166\" alt=\"\" \/>\t\t\t\t\t\t\t\t\t\t\t\t\t\t\t<\/div>\n\t\t\t\t<\/div>\n\t\t\t\t\t<\/div>\n\t\t<\/div>\n\t\t\t\t\t<\/div>\n\t\t<\/section>\n\t\t\t\t<section class=\"elementor-section elementor-top-section elementor-element elementor-element-909b1dd elementor-section-boxed elementor-section-height-default elementor-section-height-default\" data-id=\"909b1dd\" data-element_type=\"section\" data-e-type=\"section\">\n\t\t\t\t\t\t<div class=\"elementor-container elementor-column-gap-default\">\n\t\t\t\t\t<div class=\"elementor-column elementor-col-50 elementor-top-column elementor-element elementor-element-becb34a\" data-id=\"becb34a\" data-element_type=\"column\" data-e-type=\"column\">\n\t\t\t<div class=\"elementor-widget-wrap elementor-element-populated\">\n\t\t\t\t\t\t<div class=\"elementor-element elementor-element-d25ed27 elementor-widget elementor-widget-text-editor\" data-id=\"d25ed27\" data-element_type=\"widget\" data-e-type=\"widget\" data-widget_type=\"text-editor.default\">\n\t\t\t\t<div class=\"elementor-widget-container\">\n\t\t\t\t\t\t\t\t\t<h3>Asesor de Recreaci\u00f3n\u00a0\u00a0<\/h3><p><strong>Prof.\u00a0<span lang=\"ES-PR\">Josu\u00e9 Gim\u00e9nez Santana<\/span><\/strong><\/p><p>Catedr\u00e1tico auxiliar<\/p><p>Recreaci\u00f3n\u00a0\u00a0<\/p><p>josue.gimenez@upr.edu<\/p><p><strong>Extensi\u00f3n:<\/strong> 89132<\/p><p><strong>Oficina:<\/strong> 221B<\/p><p>\u00a0<\/p>\t\t\t\t\t\t\t\t<\/div>\n\t\t\t\t<\/div>\n\t\t\t\t\t<\/div>\n\t\t<\/div>\n\t\t\t\t<div class=\"elementor-column elementor-col-50 elementor-top-column elementor-element elementor-element-160c887\" data-id=\"160c887\" data-element_type=\"column\" data-e-type=\"column\">\n\t\t\t<div class=\"elementor-widget-wrap elementor-element-populated\">\n\t\t\t\t\t\t<div class=\"elementor-element elementor-element-5345d96 elementor-widget elementor-widget-image\" data-id=\"5345d96\" data-element_type=\"widget\" data-e-type=\"widget\" data-widget_type=\"image.default\">\n\t\t\t\t<div class=\"elementor-widget-container\">\n\t\t\t\t\t\t\t\t\t\t\t\t\t\t\t<img decoding=\"async\" width=\"150\" height=\"150\" src=\"https:\/\/educacion.uprrp.edu\/edfi\/wp-content\/uploads\/sites\/5\/2020\/11\/Josue.Gimenez.Santana-crop.jpg\" class=\"attachment-large size-large wp-image-9170\" alt=\"\" \/>\t\t\t\t\t\t\t\t\t\t\t\t\t\t\t<\/div>\n\t\t\t\t<\/div>\n\t\t\t\t\t<\/div>\n\t\t<\/div>\n\t\t\t\t\t<\/div>\n\t\t<\/section>\n\t\t\t\t<\/div>\n\t\t","protected":false},"excerpt":{"rendered":"<p>Asesor de Educaci\u00f3n F\u00edsica Prof.\u00a0Luis G. Estrada Oliver\u00a0 Catedr\u00e1tico auxiliar\u00a0\u00a0 Ed. D. Educaci\u00f3n F\u00edsica\/Administraci\u00f3n Deportiva\/Atl\u00e9tica luis.estrada2@upr.edu Extensi\u00f3n: 89107 Oficina: 303A\u00a0\u00a0 \u00a0 Asesor de Recreaci\u00f3n\u00a0\u00a0 Prof.\u00a0Josu\u00e9 Gim\u00e9nez Santana Catedr\u00e1tico auxiliar Recreaci\u00f3n\u00a0\u00a0 josue.gimenez@upr.edu Extensi\u00f3n: 89132 Oficina: 221B \u00a0<\/p>\n","protected":false},"author":6,"featured_media":0,"parent":0,"menu_order":0,"comment_status":"closed","ping_status":"closed","template":"","meta":{"footnotes":""},"class_list":["post-9480","page","type-page","status-publish","hentry"],"_links":{"self":[{"href":"https:\/\/educacion.uprrp.edu\/edfi\/index.php?rest_route=\/wp\/v2\/pages\/9480","targetHints":{"allow":["GET"]}}],"collection":[{"href":"https:\/\/educacion.uprrp.edu\/edfi\/index.php?rest_route=\/wp\/v2\/pages"}],"about":[{"href":"https:\/\/educacion.uprrp.edu\/edfi\/index.php?rest_route=\/wp\/v2\/types\/page"}],"author":[{"embeddable":true,"href":"https:\/\/educacion.uprrp.edu\/edfi\/index.php?rest_route=\/wp\/v2\/users\/6"}],"replies":[{"embeddable":true,"href":"https:\/\/educacion.uprrp.edu\/edfi\/index.php?rest_route=%2Fwp%2Fv2%2Fcomments&post=9480"}],"version-history":[{"count":16,"href":"https:\/\/educacion.uprrp.edu\/edfi\/index.php?rest_route=\/wp\/v2\/pages\/9480\/revisions"}],"predecessor-version":[{"id":9498,"href":"https:\/\/educacion.uprrp.edu\/edfi\/index.php?rest_route=\/wp\/v2\/pages\/9480\/revisions\/9498"}],"wp:attachment":[{"href":"https:\/\/educacion.uprrp.edu\/edfi\/index.php?rest_route=%2Fwp%2Fv2%2Fmedia&parent=9480"}],"curies":[{"name":"wp","href":"https:\/\/api.w.org\/{rel}","templated":true}]}}