{"id":9342,"date":"2020-12-08T13:23:04","date_gmt":"2020-12-08T13:23:04","guid":{"rendered":"http:\/\/educacion.uprrp.edu\/edfi\/?page_id=9342"},"modified":"2020-12-08T14:33:31","modified_gmt":"2020-12-08T14:33:31","slug":"prof-jose-e-betancourt-rosario","status":"publish","type":"page","link":"https:\/\/educacion.uprrp.edu\/edfi\/?page_id=9342","title":{"rendered":"Prof. Jos\u00e9 E. Betancourt Rosario"},"content":{"rendered":"\t\t<div data-elementor-type=\"wp-page\" data-elementor-id=\"9342\" class=\"elementor elementor-9342\">\n\t\t\t\t\t\t<section class=\"elementor-section elementor-top-section elementor-element elementor-element-df35977 elementor-section-boxed elementor-section-height-default elementor-section-height-default\" data-id=\"df35977\" data-element_type=\"section\" data-e-type=\"section\">\n\t\t\t\t\t\t<div class=\"elementor-container elementor-column-gap-default\">\n\t\t\t\t\t<div class=\"elementor-column elementor-col-50 elementor-top-column elementor-element elementor-element-413ee71\" data-id=\"413ee71\" data-element_type=\"column\" data-e-type=\"column\">\n\t\t\t<div class=\"elementor-widget-wrap elementor-element-populated\">\n\t\t\t\t\t\t<div class=\"elementor-element elementor-element-17d2993 elementor-widget elementor-widget-text-editor\" data-id=\"17d2993\" data-element_type=\"widget\" data-e-type=\"widget\" data-widget_type=\"text-editor.default\">\n\t\t\t\t<div class=\"elementor-widget-container\">\n\t\t\t\t\t\t\t\t\t<h2><strong>Investigaciones y publicaciones<\/strong><\/h2><p>Disertaci\u00f3n: <em>La relaci\u00f3n entre la preparaci\u00f3n acad\u00e9mica de los maestros de educaci\u00f3n f\u00edsica regular y su actitud hacia la inclusi\u00f3n de estudiantes con necesidades especiales en sus clases regulares.\u00a0<\/em><\/p>\t\t\t\t\t\t\t\t<\/div>\n\t\t\t\t<\/div>\n\t\t\t\t\t<\/div>\n\t\t<\/div>\n\t\t\t\t<div class=\"elementor-column elementor-col-50 elementor-top-column elementor-element elementor-element-cf5a20a\" data-id=\"cf5a20a\" data-element_type=\"column\" data-e-type=\"column\">\n\t\t\t<div class=\"elementor-widget-wrap\">\n\t\t\t\t\t\t\t<\/div>\n\t\t<\/div>\n\t\t\t\t\t<\/div>\n\t\t<\/section>\n\t\t\t\t<\/div>\n\t\t","protected":false},"excerpt":{"rendered":"<p>Investigaciones y publicaciones Disertaci\u00f3n: La relaci\u00f3n entre la preparaci\u00f3n acad\u00e9mica de los maestros de educaci\u00f3n f\u00edsica regular y su actitud hacia la inclusi\u00f3n de estudiantes con necesidades especiales en sus clases regulares.\u00a0<\/p>\n","protected":false},"author":6,"featured_media":0,"parent":0,"menu_order":0,"comment_status":"closed","ping_status":"closed","template":"","meta":{"footnotes":""},"class_list":["post-9342","page","type-page","status-publish","hentry"],"_links":{"self":[{"href":"https:\/\/educacion.uprrp.edu\/edfi\/index.php?rest_route=\/wp\/v2\/pages\/9342","targetHints":{"allow":["GET"]}}],"collection":[{"href":"https:\/\/educacion.uprrp.edu\/edfi\/index.php?rest_route=\/wp\/v2\/pages"}],"about":[{"href":"https:\/\/educacion.uprrp.edu\/edfi\/index.php?rest_route=\/wp\/v2\/types\/page"}],"author":[{"embeddable":true,"href":"https:\/\/educacion.uprrp.edu\/edfi\/index.php?rest_route=\/wp\/v2\/users\/6"}],"replies":[{"embeddable":true,"href":"https:\/\/educacion.uprrp.edu\/edfi\/index.php?rest_route=%2Fwp%2Fv2%2Fcomments&post=9342"}],"version-history":[{"count":4,"href":"https:\/\/educacion.uprrp.edu\/edfi\/index.php?rest_route=\/wp\/v2\/pages\/9342\/revisions"}],"predecessor-version":[{"id":9465,"href":"https:\/\/educacion.uprrp.edu\/edfi\/index.php?rest_route=\/wp\/v2\/pages\/9342\/revisions\/9465"}],"wp:attachment":[{"href":"https:\/\/educacion.uprrp.edu\/edfi\/index.php?rest_route=%2Fwp%2Fv2%2Fmedia&parent=9342"}],"curies":[{"name":"wp","href":"https:\/\/api.w.org\/{rel}","templated":true}]}}