{"id":9094,"date":"2020-11-20T12:56:00","date_gmt":"2020-11-20T12:56:00","guid":{"rendered":"http:\/\/educacion.uprrp.edu\/edfi\/?page_id=9094"},"modified":"2020-12-22T14:38:31","modified_gmt":"2020-12-22T14:38:31","slug":"mision-2","status":"publish","type":"page","link":"https:\/\/educacion.uprrp.edu\/edfi\/?page_id=9094","title":{"rendered":"Misi\u00f3n y Visi\u00f3n"},"content":{"rendered":"\t\t<div data-elementor-type=\"wp-page\" data-elementor-id=\"9094\" class=\"elementor elementor-9094\">\n\t\t\t\t\t\t<section class=\"elementor-section elementor-top-section elementor-element elementor-element-4681684 elementor-section-boxed elementor-section-height-default elementor-section-height-default\" data-id=\"4681684\" data-element_type=\"section\" data-e-type=\"section\">\n\t\t\t\t\t\t<div class=\"elementor-container elementor-column-gap-default\">\n\t\t\t\t\t<div class=\"elementor-column elementor-col-50 elementor-top-column elementor-element elementor-element-6ee2f33\" data-id=\"6ee2f33\" data-element_type=\"column\" data-e-type=\"column\">\n\t\t\t<div class=\"elementor-widget-wrap elementor-element-populated\">\n\t\t\t\t\t\t<div class=\"elementor-element elementor-element-2944c93 elementor-widget elementor-widget-text-editor\" data-id=\"2944c93\" data-element_type=\"widget\" data-e-type=\"widget\" data-widget_type=\"text-editor.default\">\n\t\t\t\t<div class=\"elementor-widget-container\">\n\t\t\t\t\t\t\t\t\t<h2>Misi\u00f3n<\/h2><p style=\"text-align: left;\">Desarrollar profesionales y l\u00edderes comprometidos con la educaci\u00f3n y el bienestar a trav\u00e9s de la innovaci\u00f3n, la investigaci\u00f3n y la creatividad en la actividad f\u00edsica, el deporte y el tiempo libre.\u00a0Preparaci\u00f3n y formaci\u00f3n de maestros y profesionales capaces de responder con \u00e9xito a los requerimientos sociales.\u00a0Fomentar la investigaci\u00f3n tanto a nivel subgraduado, como graduado que contribuya a las necesidades de la sociedad puertorrique\u00f1a.<\/p><h2>Visi\u00f3n<\/h2><p>Una comunidad de conocimiento donde converjan las ideas, el pensamiento cr\u00edtico y la diversidad. Promovemos la actividad f\u00edsica y la recreaci\u00f3n como veh\u00edculo para el bienestar de una sociedad globalizada.<\/p><p>\u00a0<\/p>\t\t\t\t\t\t\t\t<\/div>\n\t\t\t\t<\/div>\n\t\t\t\t\t<\/div>\n\t\t<\/div>\n\t\t\t\t<div class=\"elementor-column elementor-col-50 elementor-top-column elementor-element elementor-element-ddb54fe\" data-id=\"ddb54fe\" data-element_type=\"column\" data-e-type=\"column\">\n\t\t\t<div class=\"elementor-widget-wrap elementor-element-populated\">\n\t\t\t\t\t\t<div class=\"elementor-element elementor-element-af8d090 elementor-widget elementor-widget-image\" data-id=\"af8d090\" data-element_type=\"widget\" data-e-type=\"widget\" data-widget_type=\"image.default\">\n\t\t\t\t<div class=\"elementor-widget-container\">\n\t\t\t\t\t\t\t\t\t\t\t\t\t\t\t<img fetchpriority=\"high\" decoding=\"async\" width=\"640\" height=\"480\" src=\"https:\/\/educacion.uprrp.edu\/edfi\/wp-content\/uploads\/sites\/5\/2020\/12\/IMG_2571-scaled-1024x768.jpg\" class=\"attachment-large size-large wp-image-9618\" alt=\"\" srcset=\"https:\/\/educacion.uprrp.edu\/edfi\/wp-content\/uploads\/sites\/5\/2020\/12\/IMG_2571-scaled-1024x768.jpg 1024w, https:\/\/educacion.uprrp.edu\/edfi\/wp-content\/uploads\/sites\/5\/2020\/12\/IMG_2571-scaled-300x225.jpg 300w, https:\/\/educacion.uprrp.edu\/edfi\/wp-content\/uploads\/sites\/5\/2020\/12\/IMG_2571-768x576.jpg 768w, https:\/\/educacion.uprrp.edu\/edfi\/wp-content\/uploads\/sites\/5\/2020\/12\/IMG_2571-scaled-1536x1152.jpg 1536w, https:\/\/educacion.uprrp.edu\/edfi\/wp-content\/uploads\/sites\/5\/2020\/12\/IMG_2571-scaled-2048x1536.jpg 2048w\" sizes=\"(max-width: 640px) 100vw, 640px\" \/>\t\t\t\t\t\t\t\t\t\t\t\t\t\t\t<\/div>\n\t\t\t\t<\/div>\n\t\t\t\t\t<\/div>\n\t\t<\/div>\n\t\t\t\t\t<\/div>\n\t\t<\/section>\n\t\t\t\t<\/div>\n\t\t","protected":false},"excerpt":{"rendered":"<p>Misi\u00f3n Desarrollar profesionales y l\u00edderes comprometidos con la educaci\u00f3n y el bienestar a trav\u00e9s de la innovaci\u00f3n, la investigaci\u00f3n y la creatividad en la actividad f\u00edsica, el deporte y el tiempo libre.\u00a0Preparaci\u00f3n y formaci\u00f3n de maestros y profesionales capaces de &hellip; <\/p>\n","protected":false},"author":6,"featured_media":0,"parent":0,"menu_order":0,"comment_status":"closed","ping_status":"closed","template":"","meta":{"footnotes":""},"class_list":["post-9094","page","type-page","status-publish","hentry"],"_links":{"self":[{"href":"https:\/\/educacion.uprrp.edu\/edfi\/index.php?rest_route=\/wp\/v2\/pages\/9094","targetHints":{"allow":["GET"]}}],"collection":[{"href":"https:\/\/educacion.uprrp.edu\/edfi\/index.php?rest_route=\/wp\/v2\/pages"}],"about":[{"href":"https:\/\/educacion.uprrp.edu\/edfi\/index.php?rest_route=\/wp\/v2\/types\/page"}],"author":[{"embeddable":true,"href":"https:\/\/educacion.uprrp.edu\/edfi\/index.php?rest_route=\/wp\/v2\/users\/6"}],"replies":[{"embeddable":true,"href":"https:\/\/educacion.uprrp.edu\/edfi\/index.php?rest_route=%2Fwp%2Fv2%2Fcomments&post=9094"}],"version-history":[{"count":15,"href":"https:\/\/educacion.uprrp.edu\/edfi\/index.php?rest_route=\/wp\/v2\/pages\/9094\/revisions"}],"predecessor-version":[{"id":9648,"href":"https:\/\/educacion.uprrp.edu\/edfi\/index.php?rest_route=\/wp\/v2\/pages\/9094\/revisions\/9648"}],"wp:attachment":[{"href":"https:\/\/educacion.uprrp.edu\/edfi\/index.php?rest_route=%2Fwp%2Fv2%2Fmedia&parent=9094"}],"curies":[{"name":"wp","href":"https:\/\/api.w.org\/{rel}","templated":true}]}}