{"id":9089,"date":"2020-11-20T12:52:07","date_gmt":"2020-11-20T12:52:07","guid":{"rendered":"http:\/\/educacion.uprrp.edu\/edfi\/?page_id=9089"},"modified":"2022-02-01T13:49:33","modified_gmt":"2022-02-01T13:49:33","slug":"historia-de-la-facultad-2","status":"publish","type":"page","link":"https:\/\/educacion.uprrp.edu\/edfi\/?page_id=9089","title":{"rendered":"Historia del departamento"},"content":{"rendered":"\t\t<div data-elementor-type=\"wp-page\" data-elementor-id=\"9089\" class=\"elementor elementor-9089\">\n\t\t\t\t\t\t<section class=\"elementor-section elementor-top-section elementor-element elementor-element-d077e44 elementor-section-boxed elementor-section-height-default elementor-section-height-default\" data-id=\"d077e44\" data-element_type=\"section\" data-e-type=\"section\">\n\t\t\t\t\t\t<div class=\"elementor-container elementor-column-gap-default\">\n\t\t\t\t\t<div class=\"elementor-column elementor-col-100 elementor-top-column elementor-element elementor-element-11cd9fa\" data-id=\"11cd9fa\" data-element_type=\"column\" data-e-type=\"column\">\n\t\t\t<div class=\"elementor-widget-wrap elementor-element-populated\">\n\t\t\t\t\t\t<div class=\"elementor-element elementor-element-eac5ce5 elementor-widget elementor-widget-text-editor\" data-id=\"eac5ce5\" data-element_type=\"widget\" data-e-type=\"widget\" data-widget_type=\"text-editor.default\">\n\t\t\t\t<div class=\"elementor-widget-container\">\n\t\t\t\t\t\t\t\t\t<p>La historia de nuestro departamento nace en la d\u00e9cada del 30 cuando el Dr. Jos\u00e9 M. Gallardo (presidente de la Junta de S\u00edndicos) propuso la creaci\u00f3n de un Departamento de Educaci\u00f3n F\u00edsica para hombres, igual al ya existente para se\u00f1oritas. Para ese entonces se adiestraban instructores en las diversas disciplinas deportivas, pero no exist\u00eda un programa formal de capacitaci\u00f3n de maestros. Para el 1943, el profesor Felicio Torregrosa present\u00f3 una propuesta para desarrollar un programa de Bachillerato en Educaci\u00f3n F\u00edsica y se aprueba en el 1946.<\/p><p>\u00a0Durante muchos a\u00f1os, profesores y directores sumaron esfuerzos para concientizar a la comunidad universitaria y entidades gubernamentales sobre la importancia de desarrollar un programa acad\u00e9mico que permita la formaci\u00f3n de docentes en Educaci\u00f3n F\u00edsica. Entre ellos se destacan los profesores Jos\u00e9 Seda y Mar\u00eda Teresa Llamb\u00edas. Tras muchas luchas en favor de la educaci\u00f3n f\u00edsica el departamento se afilia a la Facultad de Educaci\u00f3n en el 1973. Es en 1976 que se termina la construcci\u00f3n del Complejo Deportivo Cosme Beitia S\u00e1lamo, nuevas instalaciones del Departamento de Educaci\u00f3n F\u00edsica bajo el mando del director Dr. Jos\u00e9 Manuel Portela Su\u00e1rez. Desde entonces el departamento se ha movido hacia la innovaci\u00f3n mediante sus revisiones curriculares, investigaciones y acreditaciones (NASPE).<\/p><p>El Departamento de Educaci\u00f3n F\u00edsica y Recreaci\u00f3n consta con un profesorado preparado y comprometido con la investigaci\u00f3n y formaci\u00f3n de profesionales del campo de la kinesiolog\u00eda. Actualmente cuenta con dos programas subgraduados: Bachillerato en Educaci\u00f3n Secundaria-Educaci\u00f3n F\u00edsica y Bachillerato en Educaci\u00f3n con concentraci\u00f3n en Recreaci\u00f3n. Adem\u00e1s, cuenta con dos organizaciones estudiantiles: Asociaci\u00f3n de Recreacionistas Universitarios (ARU) y La Asociaci\u00f3n de Estudiantes de Educaci\u00f3n F\u00edsica. Actualmente se est\u00e1 trabajando en un cambio curricular para el bachillerato de Educaci\u00f3n F\u00edsica. El mismo incluir\u00e1 cinco concentraciones menores.<\/p><p>Los hechos aqu\u00ed mencionados y relatados son una recopilaci\u00f3n realizada por las profesoras Mar\u00eda de las Nieves Bajo y Carmen Rosa Janer y el profesor Felicio Torregrosa. Los mismos fueron resumidos por el Dr. Rub\u00e9n Estremera Marcial y la estudiante \u00c1ngela C. Acevedo G\u00f3mez.<\/p>\t\t\t\t\t\t\t\t<\/div>\n\t\t\t\t<\/div>\n\t\t\t\t\t<\/div>\n\t\t<\/div>\n\t\t\t\t\t<\/div>\n\t\t<\/section>\n\t\t\t\t<\/div>\n\t\t","protected":false},"excerpt":{"rendered":"<p>La historia de nuestro departamento nace en la d\u00e9cada del 30 cuando el Dr. Jos\u00e9 M. Gallardo (presidente de la Junta de S\u00edndicos) propuso la creaci\u00f3n de un Departamento de Educaci\u00f3n F\u00edsica para hombres, igual al ya existente para se\u00f1oritas. &hellip; <\/p>\n","protected":false},"author":6,"featured_media":0,"parent":0,"menu_order":0,"comment_status":"closed","ping_status":"closed","template":"","meta":{"footnotes":""},"class_list":["post-9089","page","type-page","status-publish","hentry"],"_links":{"self":[{"href":"https:\/\/educacion.uprrp.edu\/edfi\/index.php?rest_route=\/wp\/v2\/pages\/9089","targetHints":{"allow":["GET"]}}],"collection":[{"href":"https:\/\/educacion.uprrp.edu\/edfi\/index.php?rest_route=\/wp\/v2\/pages"}],"about":[{"href":"https:\/\/educacion.uprrp.edu\/edfi\/index.php?rest_route=\/wp\/v2\/types\/page"}],"author":[{"embeddable":true,"href":"https:\/\/educacion.uprrp.edu\/edfi\/index.php?rest_route=\/wp\/v2\/users\/6"}],"replies":[{"embeddable":true,"href":"https:\/\/educacion.uprrp.edu\/edfi\/index.php?rest_route=%2Fwp%2Fv2%2Fcomments&post=9089"}],"version-history":[{"count":17,"href":"https:\/\/educacion.uprrp.edu\/edfi\/index.php?rest_route=\/wp\/v2\/pages\/9089\/revisions"}],"predecessor-version":[{"id":10121,"href":"https:\/\/educacion.uprrp.edu\/edfi\/index.php?rest_route=\/wp\/v2\/pages\/9089\/revisions\/10121"}],"wp:attachment":[{"href":"https:\/\/educacion.uprrp.edu\/edfi\/index.php?rest_route=%2Fwp%2Fv2%2Fmedia&parent=9089"}],"curies":[{"name":"wp","href":"https:\/\/api.w.org\/{rel}","templated":true}]}}