{"id":9050,"date":"2020-11-20T12:49:24","date_gmt":"2020-11-20T12:49:24","guid":{"rendered":"http:\/\/educacion.uprrp.edu\/edfi\/?page_id=9050"},"modified":"2022-11-16T14:46:19","modified_gmt":"2022-11-16T14:46:19","slug":"contactos-2","status":"publish","type":"page","link":"https:\/\/educacion.uprrp.edu\/edfi\/?page_id=9050","title":{"rendered":"Contactos"},"content":{"rendered":"\t\t<div data-elementor-type=\"wp-page\" data-elementor-id=\"9050\" class=\"elementor elementor-9050\">\n\t\t\t\t\t\t<section class=\"elementor-section elementor-top-section elementor-element elementor-element-a766e1f elementor-section-boxed elementor-section-height-default elementor-section-height-default\" data-id=\"a766e1f\" data-element_type=\"section\" data-e-type=\"section\">\n\t\t\t\t\t\t<div class=\"elementor-container elementor-column-gap-default\">\n\t\t\t\t\t<div class=\"elementor-column elementor-col-50 elementor-top-column elementor-element elementor-element-2e2dc32\" data-id=\"2e2dc32\" data-element_type=\"column\" data-e-type=\"column\">\n\t\t\t<div class=\"elementor-widget-wrap elementor-element-populated\">\n\t\t\t\t\t\t<div class=\"elementor-element elementor-element-088567c elementor-widget elementor-widget-text-editor\" data-id=\"088567c\" data-element_type=\"widget\" data-e-type=\"widget\" data-widget_type=\"text-editor.default\">\n\t\t\t\t<div class=\"elementor-widget-container\">\n\t\t\t\t\t\t\t\t\t<h5><strong>J\u00f3se Betancourt Rosario<\/strong><\/h5><p>Director<\/p><p><strong>Extesi\u00f3n: <\/strong>89133<\/p><p><strong>Oficina: <\/strong>209-217D<\/p><p><strong>Correo electr\u00f3nico: jose.betancourt3@upr.edu<\/strong><\/p><p><a class=\"in-cell-link\" target=\"_blank\">\u00a0<\/a><\/p><h5><b>Jos\u00e9 Mieles Monge<\/b><\/h5><p>Director Asociado<\/p><p><span data-sheets-value=\"{\" data-sheets-userformat=\"{\"><strong>Extensi\u00f3n:<\/strong> 89134<\/span><\/p><p><b>Oficina<\/b><strong>:\u00a0<\/strong>303C<\/p><p><strong>Correo electr\u00f3nico:\u00a0<\/strong><a class=\"in-cell-link\" target=\"_blank\">jose.mieles@upr.edu<\/a><\/p><p><a class=\"in-cell-link\" target=\"_blank\">\u00a0<\/a><\/p><h5><strong>Vacante<\/strong><\/h5><p>Secretaria Administrativa IV<\/p><p><strong>Extensi\u00f3n:\u00a0<\/strong>89100<\/p><p><strong>Oficina:\u00a0<\/strong>208<\/p><p><strong>Correo electr\u00f3nico:\u00a0<\/strong><\/p><p><a class=\"in-cell-link\" target=\"_blank\">\u00a0<\/a><\/p><h5><strong>Artemio L\u00f3pez R\u00edos<\/strong><\/h5><p>Oficial Administrativo I<\/p><p><strong>Extensi\u00f3n: <\/strong>89103<\/p><p><strong>Oficina: <\/strong>204<\/p><p><strong>Correo electr\u00f3nico:\u00a0<\/strong><a class=\"in-cell-link\" target=\"_blank\">artemio.lopez@upr.edu<\/a><\/p><p><a class=\"in-cell-link\" target=\"_blank\">\u00a0<\/a><\/p><h5><strong>Braulio Mej\u00edas Morales\u00a0<\/strong><\/h5><p>Asistente Administrativo III<\/p><p><strong>Extensi\u00f3n:\u00a0<\/strong>89106<\/p><p><strong>Oficina:\u00a0<\/strong>210<\/p><p><b>Correo electr\u00f3nico:\u00a0<\/b><a class=\"in-cell-link\" target=\"_blank\">braulio.mejias1@upr.edu<\/a><\/p><p><a class=\"in-cell-link\" target=\"_blank\">\u00a0<\/a><\/p><h5><strong>Janette Camacho Chaparro\u00a0<\/strong><\/h5><p>Asistente Administrativo III<\/p><p><strong>Extensi\u00f3n: <\/strong>89111<\/p><p><strong>Oficina: <\/strong>201<\/p><p><strong>Correo electr\u00f3nico: <\/strong><a class=\"in-cell-link\" target=\"_blank\">jannette.camacho@upr.edu<\/a><\/p><p><a class=\"in-cell-link\" target=\"_blank\">\u00a0<\/a><\/p><h5><strong>Lymarie Berrios Concepci\u00f3n<\/strong><\/h5><p>Asistente Administrativo IV<\/p><p><strong>Extensi\u00f3n: \u00a0<\/strong>89287<\/p><p><strong>Oficina:\u00a0<\/strong>213<\/p><p><strong>Correo electr\u00f3nico:\u00a0<\/strong><span data-sheets-value=\"{\" data-sheets-userformat=\"{\" data-sheets-hyperlink=\"mailto:lymarie.berrios2@upr.edu\"><a class=\"in-cell-link\" target=\"_blank\">lymarie.berrios2@upr.edu<\/a><\/span><\/p><p><span data-sheets-value=\"{\" data-sheets-userformat=\"{\" data-sheets-hyperlink=\"mailto:lymarie.berrios2@upr.edu\"><a class=\"in-cell-link\" target=\"_blank\">\u00a0<\/a><\/span><\/p><h5><strong>Armando Pag\u00e1n Rivera<\/strong><\/h5><p>Asistente Administrativo IV<\/p><p><strong>Extensi\u00f3n: <\/strong>89289<\/p><p><strong>Oficina: <\/strong>202<\/p><p><strong>Correo electr\u00f3nico:\u00a0<\/strong><a class=\"in-cell-link\" target=\"_blank\">armando.pagan@upr.edu<\/a><\/p><h5>\u00a0<\/h5>\t\t\t\t\t\t\t\t<\/div>\n\t\t\t\t<\/div>\n\t\t\t\t\t<\/div>\n\t\t<\/div>\n\t\t\t\t<div class=\"elementor-column elementor-col-50 elementor-top-column elementor-element elementor-element-8b8e666\" data-id=\"8b8e666\" data-element_type=\"column\" data-e-type=\"column\">\n\t\t\t<div class=\"elementor-widget-wrap\">\n\t\t\t\t\t\t\t<\/div>\n\t\t<\/div>\n\t\t\t\t\t<\/div>\n\t\t<\/section>\n\t\t\t\t<\/div>\n\t\t","protected":false},"excerpt":{"rendered":"<p>J\u00f3se Betancourt Rosario Director Extesi\u00f3n: 89133 Oficina: 209-217D Correo electr\u00f3nico: jose.betancourt3@upr.edu \u00a0 Jos\u00e9 Mieles Monge Director Asociado Extensi\u00f3n: 89134 Oficina:\u00a0303C Correo electr\u00f3nico:\u00a0jose.mieles@upr.edu \u00a0 Vacante Secretaria Administrativa IV Extensi\u00f3n:\u00a089100 Oficina:\u00a0208 Correo electr\u00f3nico:\u00a0 \u00a0 Artemio L\u00f3pez R\u00edos Oficial Administrativo I Extensi\u00f3n: 89103 &hellip; <\/p>\n","protected":false},"author":6,"featured_media":0,"parent":0,"menu_order":0,"comment_status":"closed","ping_status":"closed","template":"","meta":{"footnotes":""},"class_list":["post-9050","page","type-page","status-publish","hentry"],"_links":{"self":[{"href":"https:\/\/educacion.uprrp.edu\/edfi\/index.php?rest_route=\/wp\/v2\/pages\/9050","targetHints":{"allow":["GET"]}}],"collection":[{"href":"https:\/\/educacion.uprrp.edu\/edfi\/index.php?rest_route=\/wp\/v2\/pages"}],"about":[{"href":"https:\/\/educacion.uprrp.edu\/edfi\/index.php?rest_route=\/wp\/v2\/types\/page"}],"author":[{"embeddable":true,"href":"https:\/\/educacion.uprrp.edu\/edfi\/index.php?rest_route=\/wp\/v2\/users\/6"}],"replies":[{"embeddable":true,"href":"https:\/\/educacion.uprrp.edu\/edfi\/index.php?rest_route=%2Fwp%2Fv2%2Fcomments&post=9050"}],"version-history":[{"count":34,"href":"https:\/\/educacion.uprrp.edu\/edfi\/index.php?rest_route=\/wp\/v2\/pages\/9050\/revisions"}],"predecessor-version":[{"id":10259,"href":"https:\/\/educacion.uprrp.edu\/edfi\/index.php?rest_route=\/wp\/v2\/pages\/9050\/revisions\/10259"}],"wp:attachment":[{"href":"https:\/\/educacion.uprrp.edu\/edfi\/index.php?rest_route=%2Fwp%2Fv2%2Fmedia&parent=9050"}],"curies":[{"name":"wp","href":"https:\/\/api.w.org\/{rel}","templated":true}]}}